
{"id":2191,"date":"2017-06-07T04:29:49","date_gmt":"2017-06-07T08:29:49","guid":{"rendered":"https:\/\/k5clothing.com\/nous-joindre\/"},"modified":"2026-03-05T11:00:32","modified_gmt":"2026-03-05T16:00:32","slug":"contact-us","status":"publish","type":"page","link":"https:\/\/k5clothing.com\/en\/contact-us\/","title":{"rendered":"Contact us"},"content":{"rendered":"<div class=\"wpb-content-wrapper\"><p>[vc_row css=&#8221;.vc_custom_1480664533097{margin-top: 20px !important;margin-bottom: 65px !important;}&#8221;][vc_column offset=&#8221;vc_col-lg-offset-2 vc_col-lg-8 vc_col-md-offset-0 vc_col-md-12 vc_col-sm-offset-0&#8243;][vc_column_text css=&#8221;.vc_custom_1772724759532{margin-bottom: 55px !important;}&#8221;]<\/p>\n<h3 style=\"letter-spacing: 1px; margin-bottom: 0px; text-align: center;\">Des questions? Nous sommes l\u00e0<\/h3>\n<h2 style=\"letter-spacing: 2px; margin-top: 0px; text-align: center;\">Pour vous aider<\/h2>\n<p style=\"text-align: center;\">Vous avez des questions sur un ou plusieurs de nos produits? Vous souhaitez nous partager vos commentaires concernant nos produits ou nos services? N\u2019h\u00e9sitez pas \u00e0 communiquer avec nous, il nous fera grand plaisir de vous r\u00e9pondre et de vous accompagner.<\/p>\n<h3 style=\"text-align: center;\"><strong>Heure d&#8217;ouverture<\/strong><\/h3>\n<p style=\"text-align: center;\">Lundi au jeudi : 8h30 \u00e0 16h<br \/>\nVendredi : 8h30 \u00e0 midi<br \/>\nSamedi &#8211; Dimanche : Ferm\u00e9<\/p>\n<p>[\/vc_column_text][\/vc_column][\/vc_row][vc_row full_width=&#8221;stretch_row&#8221; css=&#8221;.vc_custom_1772725669001{padding-top: 50px !important;padding-bottom: 50px !important;background-color: #000000 !important;}&#8221;][vc_column][vc_row_inner][vc_column_inner width=&#8221;1\/3&#8243;][vc_column_text css=&#8221;&#8221;]<\/p>\n<h3 style=\"text-align: center; color: #fff; margin-top: 10px; margin-bottom: 0px; letter-spacing: 1px; font-size: 16px;\">Warehouse \/ Pickup Point<\/h3>\n<p>[\/vc_column_text][vc_single_image image=&#8221;25394&#8243; img_size=&#8221;100&#215;100&#8243; alignment=&#8221;center&#8221; css=&#8221;.vc_custom_1772725685338{margin-bottom: 35px !important;}&#8221;][vc_column_text css=&#8221;&#8221;]<\/p>\n<p style=\"text-align: center;\"><span style=\"color: #ffffff;\">410 Rue Principale, Vall\u00e9e-Jonction, QC G0S 3J0 (Derri\u00e8re Familiprix)<\/span><\/p>\n<p>[\/vc_column_text][\/vc_column_inner][vc_column_inner width=&#8221;1\/3&#8243;][vc_column_text css=&#8221;&#8221;]<\/p>\n<h3 style=\"text-align: center; color: #fff; margin-top: 10px; margin-bottom: 0px; letter-spacing: 1px; font-size: 16px;\">Email<\/h3>\n<p>[\/vc_column_text][vc_single_image image=&#8221;25395&#8243; img_size=&#8221;100&#215;100&#8243; alignment=&#8221;center&#8221; css=&#8221;.vc_custom_1772725689259{margin-bottom: 35px !important;}&#8221;][vc_column_text css=&#8221;&#8221;]<\/p>\n<p style=\"text-align: center;\"><span style=\"color: #ffffff;\"><a style=\"color: #ffffff;\" href=\"mailto:info@k5clothing.com\">info@k5clothing.com<\/a><\/span><\/p>\n<p>[\/vc_column_text][\/vc_column_inner][vc_column_inner width=&#8221;1\/3&#8243;][vc_column_text css=&#8221;&#8221;]<\/p>\n<h3 style=\"text-align: center; color: #fff; margin-top: 10px; margin-bottom: 0px; letter-spacing: 1px; font-size: 16px;\">Phone<\/h3>\n<p>[\/vc_column_text][vc_single_image image=&#8221;25396&#8243; img_size=&#8221;100&#215;100&#8243; alignment=&#8221;center&#8221; css=&#8221;.vc_custom_1772725693385{margin-bottom: 35px !important;}&#8221;][vc_column_text css=&#8221;&#8221;]<\/p>\n<p style=\"text-align: center;\"><span style=\"color: #ffffff;\"><a style=\"color: #ffffff;\" href=\"tel:+14189323194\">418-932-3194<\/a><\/span><\/p>\n<p>[\/vc_column_text][\/vc_column_inner][\/vc_row_inner][\/vc_column][\/vc_row][vc_row full_width=&#8221;stretch_row_content_no_spaces&#8221; equal_height=&#8221;yes&#8221; rtl_reverse=&#8221;yes&#8221; css=&#8221;.vc_custom_1772726110563{margin-bottom: 0px !important;background-color: #f1f2f4 !important;}&#8221;][vc_column width=&#8221;1\/2&#8243; offset=&#8221;vc_col-lg-6 vc_col-md-12&#8243; css=&#8221;.vc_custom_1772726181331{margin-bottom: 0px !important;padding-bottom: 0px !important;}&#8221;][vc_single_image image=&#8221;25333&#8243; img_size=&#8221;full&#8221; alignment=&#8221;center&#8221; css=&#8221;.vc_custom_1772726137756{margin-top: 0px !important;margin-right: 0px !important;margin-bottom: 0px !important;margin-left: 0px !important;border-top-width: 0px !important;border-right-width: 0px !important;border-bottom-width: 0px !important;border-left-width: 0px !important;padding-top: 0px !important;padding-right: 0px !important;padding-bottom: 0px !important;padding-left: 0px !important;}&#8221;][\/vc_column][vc_column width=&#8221;1\/2&#8243; css=&#8221;.vc_custom_1772726424388{padding-top: 10% !important;padding-right: 10% !important;padding-bottom: 10% !important;padding-left: 10% !important;}&#8221;][vc_column_text css=&#8221;&#8221;]<\/p>\n<h3 style=\"text-align: left; margin-top: 0px;\">To contact us by email:<\/h3>\n<p>[\/vc_column_text]\n<div class=\"wpcf7 no-js\" id=\"wpcf7-f372-o1\" lang=\"en-US\" dir=\"ltr\" data-wpcf7-id=\"372\">\n<div class=\"screen-reader-response\"><p role=\"status\" aria-live=\"polite\" aria-atomic=\"true\"><\/p> <ul><\/ul><\/div>\n<form action=\"\/en\/wp-json\/wp\/v2\/pages\/2191#wpcf7-f372-o1\" method=\"post\" class=\"wpcf7-form init\" aria-label=\"Contact form\" novalidate=\"novalidate\" data-status=\"init\">\n<fieldset class=\"hidden-fields-container\"><input type=\"hidden\" name=\"_wpcf7\" value=\"372\" \/><input type=\"hidden\" name=\"_wpcf7_version\" value=\"6.1.5\" \/><input type=\"hidden\" name=\"_wpcf7_locale\" value=\"en_US\" \/><input type=\"hidden\" name=\"_wpcf7_unit_tag\" value=\"wpcf7-f372-o1\" \/><input type=\"hidden\" name=\"_wpcf7_container_post\" value=\"0\" \/><input type=\"hidden\" name=\"_wpcf7_posted_data_hash\" value=\"\" \/>\n<\/fieldset>\n<p><label> Name<br \/>\n<span class=\"wpcf7-form-control-wrap\" data-name=\"your-name\"><input size=\"40\" maxlength=\"400\" class=\"wpcf7-form-control wpcf7-text wpcf7-validates-as-required\" aria-required=\"true\" aria-invalid=\"false\" value=\"\" type=\"text\" name=\"your-name\" \/><\/span> <\/label>\n<\/p>\n<p><label> Email<br \/>\n<span class=\"wpcf7-form-control-wrap\" data-name=\"your-email\"><input size=\"40\" maxlength=\"400\" class=\"wpcf7-form-control wpcf7-email wpcf7-validates-as-required wpcf7-text wpcf7-validates-as-email\" aria-required=\"true\" aria-invalid=\"false\" value=\"\" type=\"email\" name=\"your-email\" \/><\/span> <\/label>\n<\/p>\n<p><label> Subjet<br \/>\n<span class=\"wpcf7-form-control-wrap\" data-name=\"your-subject\"><input size=\"40\" maxlength=\"400\" class=\"wpcf7-form-control wpcf7-text\" aria-invalid=\"false\" value=\"\" type=\"text\" name=\"your-subject\" \/><\/span> <\/label>\n<\/p>\n<p><label> Message<br \/>\n<span class=\"wpcf7-form-control-wrap\" data-name=\"your-message\"><textarea cols=\"40\" rows=\"10\" maxlength=\"2000\" class=\"wpcf7-form-control wpcf7-textarea\" aria-invalid=\"false\" name=\"your-message\"><\/textarea><\/span> <\/label>\n<\/p>\n<p><input class=\"wpcf7-form-control wpcf7-submit has-spinner\" type=\"submit\" value=\"Send\" \/>\n<\/p><div class=\"wpcf7-response-output\" aria-hidden=\"true\"><\/div>\n<\/form>\n<\/div>\n[\/vc_column][\/vc_row]<\/p>\n<\/div>","protected":false},"excerpt":{"rendered":"<p>[vc_row css=&#8221;.vc_custom_1480664533097{margin-top: 20px !important;margin-bottom: 65px !important;}&#8221;][vc_column offset=&#8221;vc_col-lg-offset-2 vc_col-lg-8 vc_col-md-offset-0 vc_col-md-12 vc_col-sm-offset-0&#8243;][vc_column_text css=&#8221;.vc_custom_1772724759532{margin-bottom: 55px !important;}&#8221;] Des questions? Nous sommes l\u00e0 Pour vous aider Vous avez des questions sur un ou plusieurs&hellip;<\/p>\n","protected":false},"author":1,"featured_media":16136,"parent":0,"menu_order":0,"comment_status":"closed","ping_status":"closed","template":"","meta":{"_acf_changed":false,"footnotes":""},"class_list":["post-2191","page","type-page","status-publish","has-post-thumbnail","hentry"],"acf":[],"_links":{"self":[{"href":"https:\/\/k5clothing.com\/en\/wp-json\/wp\/v2\/pages\/2191","targetHints":{"allow":["GET"]}}],"collection":[{"href":"https:\/\/k5clothing.com\/en\/wp-json\/wp\/v2\/pages"}],"about":[{"href":"https:\/\/k5clothing.com\/en\/wp-json\/wp\/v2\/types\/page"}],"author":[{"embeddable":true,"href":"https:\/\/k5clothing.com\/en\/wp-json\/wp\/v2\/users\/1"}],"replies":[{"embeddable":true,"href":"https:\/\/k5clothing.com\/en\/wp-json\/wp\/v2\/comments?post=2191"}],"version-history":[{"count":15,"href":"https:\/\/k5clothing.com\/en\/wp-json\/wp\/v2\/pages\/2191\/revisions"}],"predecessor-version":[{"id":25408,"href":"https:\/\/k5clothing.com\/en\/wp-json\/wp\/v2\/pages\/2191\/revisions\/25408"}],"wp:featuredmedia":[{"embeddable":true,"href":"https:\/\/k5clothing.com\/en\/wp-json\/wp\/v2\/media\/16136"}],"wp:attachment":[{"href":"https:\/\/k5clothing.com\/en\/wp-json\/wp\/v2\/media?parent=2191"}],"curies":[{"name":"wp","href":"https:\/\/api.w.org\/{rel}","templated":true}]}}